{"id":686,"date":"2024-06-14T12:09:15","date_gmt":"2024-06-14T10:09:15","guid":{"rendered":"https:\/\/dinamicgimnasvic.com\/equipo\/"},"modified":"2025-05-29T12:53:46","modified_gmt":"2025-05-29T10:53:46","slug":"equipo","status":"publish","type":"page","link":"https:\/\/dinamicgimnasvic.com\/es\/equipo\/","title":{"rendered":"Equipo"},"content":{"rendered":"\n<style type=\"text\/css\" data-created_by=\"avia_inline_auto\" id=\"style-css-av-1927we-7d0e665fd541e5ba8e2d40c343b468b3\">\n.avia-section.av-1927we-7d0e665fd541e5ba8e2d40c343b468b3{\nbackground-repeat:no-repeat;\nbackground-image:url(https:\/\/dinamicgimnasvic.com\/wp-content\/uploads\/2024\/03\/event_1-845x321.jpg);\nbackground-position:50% 100%;\nbackground-attachment:scroll;\n}\n.avia-section.av-1927we-7d0e665fd541e5ba8e2d40c343b468b3 .av-section-color-overlay{\nopacity:0.5;\nbackground-color:#0a0a0a;\n}\n<\/style>\n<div id='av_section_1'  class='avia-section av-1927we-7d0e665fd541e5ba8e2d40c343b468b3 main_color avia-section-default avia-no-border-styling  avia-builder-el-0  el_before_av_section  avia-builder-el-first  avia-full-stretch avia-bg-style-scroll av-section-color-overlay-active av-minimum-height av-minimum-height-50 av-height-50  container_wrap fullsize'  data-section-bg-repeat='stretch' data-av_minimum_height_pc='50' data-av_min_height_opt='50'><div class=\"av-section-color-overlay-wrap\"><div class=\"av-section-color-overlay\"><\/div><div class='container av-section-cont-open' ><main  role=\"main\" itemprop=\"mainContentOfPage\"  class='template-page content  av-content-full alpha units'><div class='post-entry post-entry-type-page post-entry-686'><div class='entry-content-wrapper clearfix'>\n<div  class='flex_column av-15bpb2-c9c4dc13445f218be5052238f4878f10 av_three_fifth  avia-builder-el-1  el_before_av_two_fifth  avia-builder-el-first  first flex_column_div  '     ><p>\n<style type=\"text\/css\" data-created_by=\"avia_inline_auto\" id=\"style-css-av-lubfp0tu-66757f9a43e6203c1776e8b9f3395441\">\n#top .av-special-heading.av-lubfp0tu-66757f9a43e6203c1776e8b9f3395441{\npadding-bottom:10px;\n}\nbody .av-special-heading.av-lubfp0tu-66757f9a43e6203c1776e8b9f3395441 .av-special-heading-tag .heading-char{\nfont-size:25px;\n}\n.av-special-heading.av-lubfp0tu-66757f9a43e6203c1776e8b9f3395441 .av-subheading{\nfont-size:15px;\n}\n<\/style>\n<div  class='av-special-heading av-lubfp0tu-66757f9a43e6203c1776e8b9f3395441 av-special-heading-h1 blockquote modern-quote  avia-builder-el-2  el_before_av_textblock  avia-builder-el-first '><h1 class='av-special-heading-tag '  itemprop=\"headline\"  >EQUIPO<\/h1><div class=\"special-heading-border\"><div class=\"special-heading-inner-border\"><\/div><\/div><\/div><br \/>\n\n<style type=\"text\/css\" data-created_by=\"avia_inline_auto\" id=\"style-css-av-bupbi-b7e48e01893b08a5ebd607b02c8e4218\">\n#top .av_textblock_section.av-bupbi-b7e48e01893b08a5ebd607b02c8e4218 .avia_textblock{\nfont-size:17px;\ncolor:#ffffff;\n}\n<\/style>\n<section  class='av_textblock_section av-bupbi-b7e48e01893b08a5ebd607b02c8e4218 '   itemscope=\"itemscope\" itemtype=\"https:\/\/schema.org\/CreativeWork\" ><div class='avia_textblock av_inherit_color'  itemprop=\"text\" ><p>Conoce a nuestros entrenadores personales.<\/p>\n<\/div><\/section><\/p><\/div><div  class='flex_column av-n8m9i-985f8a14733f5da15d7b7734535856bd av_two_fifth  avia-builder-el-4  el_after_av_three_fifth  avia-builder-el-last  flex_column_div  '     ><p>\n<style type=\"text\/css\" data-created_by=\"avia_inline_auto\" id=\"style-css-av-czwce-760307d5c32eca0d309695354d226f8e\">\n#top .hr.hr-invisible.av-czwce-760307d5c32eca0d309695354d226f8e{\nheight:50px;\n}\n<\/style>\n<div  class='hr av-czwce-760307d5c32eca0d309695354d226f8e hr-invisible  avia-builder-el-5  el_before_av_codeblock  avia-builder-el-first '><span class='hr-inner '><span class=\"hr-inner-style\"><\/span><\/span><\/div><br \/>\n<\/p><\/div>\n\n<\/div><\/div><\/main><!-- close content main element --><\/div><\/div><\/div><div id='av_section_2'  class='avia-section av-lubesmu0-e00ac8d5669ee2dac1b14045a90b3df9 main_color avia-section-default avia-no-border-styling  avia-builder-el-7  el_after_av_section  avia-builder-el-last  avia-bg-style-scroll container_wrap fullsize'  ><div class='container av-section-cont-open' ><div class='template-page content  av-content-full alpha units'><div class='post-entry post-entry-type-page post-entry-686'><div class='entry-content-wrapper clearfix'>\n\n<style type=\"text\/css\" data-created_by=\"avia_inline_auto\" id=\"style-css-av-vkdxi-0f81eb8115a825025bc7b9c528687bf3\">\n#top .av_textblock_section.av-vkdxi-0f81eb8115a825025bc7b9c528687bf3 .avia_textblock{\nfont-size:17px;\ncolor:#ffffff;\n}\n<\/style>\n<section  class='av_textblock_section av-vkdxi-0f81eb8115a825025bc7b9c528687bf3 '   itemscope=\"itemscope\" itemtype=\"https:\/\/schema.org\/CreativeWork\" ><div class='avia_textblock av_inherit_color'  itemprop=\"text\" ><p>Os presentamos al equipo de instructores de Din\u00e1mic Gimnasio, profesionales apasionados y experimentados en el \u00e1mbito del fitness. Desde el entrenamiento de fuerza hasta los estiramientos y la rehabilitaci\u00f3n, nuestro equipo est\u00e1 preparado para adaptarse a las necesidades y objetivos individuales de cada uno de los usuarios. Ven a conocerlos y deje que le inspiren a superar sus l\u00edmites ya transformar su vida.<\/p>\n<\/div><\/section>\n<div  class='flex_column av-vul7q-e9cf113a97aab76057e135f088026e07 av_one_third  avia-builder-el-9  el_after_av_textblock  el_before_av_one_third  first flex_column_div  column-top-margin'     ><style type=\"text\/css\" data-created_by=\"avia_inline_auto\" id=\"style-css-av-lubelq70-5bcb631deed86bcff8fd0a42abfea6c9\">\n.avia-team-member.av-lubelq70-5bcb631deed86bcff8fd0a42abfea6c9 .team-member-job-title{\ncolor:#ffffff;\n}\n.avia-team-member.av-lubelq70-5bcb631deed86bcff8fd0a42abfea6c9 .avia-team-icon:hover{\ncolor:#ffffff;\n}\n.avia-team-member.av-lubelq70-5bcb631deed86bcff8fd0a42abfea6c9 .avia-team-icon.avia-svg-icon:hover svg:first-child{\nfill:#ffffff;\nstroke:#ffffff;\n}\n<\/style>\n<section  class='avia-team-member av-lubelq70-5bcb631deed86bcff8fd0a42abfea6c9  avia-builder-el-10  avia-builder-el-no-sibling  equip'  itemscope=\"itemscope\" itemtype=\"https:\/\/schema.org\/Person\" ><div class=\"team-img-container\"><img decoding=\"async\" fetchpriority=\"high\" class='wp-image-879 avia-img-lazy-loading-not-879 avia_image avia_image_team' src=\"https:\/\/dinamicgimnasvic.com\/wp-content\/uploads\/2025\/05\/isaac-dinamic-gimnas-1-700x700.jpeg\" alt='Isaac Gim\u00e9nez'  itemprop=\"image\"   height=\"700\" width=\"700\" srcset=\"https:\/\/dinamicgimnasvic.com\/wp-content\/uploads\/2025\/05\/isaac-dinamic-gimnas-1-700x700.jpeg 700w, https:\/\/dinamicgimnasvic.com\/wp-content\/uploads\/2025\/05\/isaac-dinamic-gimnas-1-80x80.jpeg 80w, https:\/\/dinamicgimnasvic.com\/wp-content\/uploads\/2025\/05\/isaac-dinamic-gimnas-1-36x36.jpeg 36w\" sizes=\"(max-width: 700px) 100vw, 700px\" \/><\/div><h3 class='team-member-name '  itemprop=\"name\" >Isaac Gim\u00e9nez<\/h3><div class='team-member-job-title '  itemprop=\"jobTitle\" >Instructor de Din\u00e0mic Gimn\u00e0s<\/div><div class='team-member-description '  itemprop=\"description\" ><p>Te guiar\u00e9 hacia tu \u00e9xito y bienestar. Con pasi\u00f3n por el fitness te ayudar\u00e9 a corregir tu postura, conseguir tus objetivos y poder dar un paso adelante en el rendimiento.<\/p>\n<\/div><span class='hidden team-member-affiliation'  itemprop=\"affiliation\" >Din\u00e0mic Gimn\u00e0s Vic<\/span><\/section><\/div><div  class='flex_column av-orpae-e7c36900f048b6a92602c25ef8a55aba av_one_third  avia-builder-el-11  el_after_av_one_third  avia-builder-el-last  flex_column_div  column-top-margin'     ><style type=\"text\/css\" data-created_by=\"avia_inline_auto\" id=\"style-css-av-j21qm-d1c605df2e754cbec034fc9f174683d1\">\n.avia-team-member.av-j21qm-d1c605df2e754cbec034fc9f174683d1 .team-member-job-title{\ncolor:#ffffff;\n}\n.avia-team-member.av-j21qm-d1c605df2e754cbec034fc9f174683d1 .avia-team-icon:hover{\ncolor:#ffffff;\n}\n.avia-team-member.av-j21qm-d1c605df2e754cbec034fc9f174683d1 .avia-team-icon.avia-svg-icon:hover svg:first-child{\nfill:#ffffff;\nstroke:#ffffff;\n}\n<\/style>\n<section  class='avia-team-member av-j21qm-d1c605df2e754cbec034fc9f174683d1  avia-builder-el-12  avia-builder-el-no-sibling  equip'  itemscope=\"itemscope\" itemtype=\"https:\/\/schema.org\/Person\" ><div class=\"team-img-container\"><img decoding=\"async\" fetchpriority=\"high\" class='wp-image-881 avia-img-lazy-loading-not-881 avia_image avia_image_team' src=\"https:\/\/dinamicgimnasvic.com\/wp-content\/uploads\/2025\/05\/bartosz-dinamic-gimnas-700x700.jpeg\" alt='Bartosz Bech'  itemprop=\"image\"   height=\"700\" width=\"700\" srcset=\"https:\/\/dinamicgimnasvic.com\/wp-content\/uploads\/2025\/05\/bartosz-dinamic-gimnas-700x700.jpeg 700w, https:\/\/dinamicgimnasvic.com\/wp-content\/uploads\/2025\/05\/bartosz-dinamic-gimnas-80x80.jpeg 80w, https:\/\/dinamicgimnasvic.com\/wp-content\/uploads\/2025\/05\/bartosz-dinamic-gimnas-36x36.jpeg 36w\" sizes=\"(max-width: 700px) 100vw, 700px\" \/><\/div><h3 class='team-member-name '  itemprop=\"name\" >Bartosz Bech<\/h3><div class='team-member-job-title '  itemprop=\"jobTitle\" >Instructor de Din\u00e0mic Gimn\u00e0s<\/div><div class='team-member-description '  itemprop=\"description\" ><p>Te proporcionar\u00e9 las herramientas para conseguir tu mejor versi\u00f3n y dar tu m\u00e1ximo de forma segura y controlada. Creo que la mejor forma de encontrar la motivaci\u00f3n es disfrutar del proceso y del resultado, juntos podemos conseguirlo.<\/p>\n<\/div><span class='hidden team-member-affiliation'  itemprop=\"affiliation\" >Din\u00e0mic Gimn\u00e0s Vic<\/span><\/section><\/div>\n","protected":false},"excerpt":{"rendered":"","protected":false},"author":3,"featured_media":0,"parent":0,"menu_order":0,"comment_status":"closed","ping_status":"closed","template":"","meta":{"footnotes":""},"class_list":["post-686","page","type-page","status-publish","hentry"],"yoast_head":"<!-- This site is optimized with the Yoast SEO plugin v27.3 - https:\/\/yoast.com\/product\/yoast-seo-wordpress\/ -->\n<title>Equipo del Din\u00e0mic Gimn\u00e0s Vic<\/title>\n<meta name=\"description\" content=\"Conoce al equipo de profesionales que te acompa\u00f1ar\u00e1n en tu camino de fitness.\" \/>\n<meta name=\"robots\" content=\"index, follow, max-snippet:-1, max-image-preview:large, max-video-preview:-1\" \/>\n<link rel=\"canonical\" href=\"https:\/\/dinamicgimnasvic.com\/es\/equipo\/\" \/>\n<meta property=\"og:locale\" content=\"es_ES\" \/>\n<meta property=\"og:type\" content=\"article\" \/>\n<meta property=\"og:title\" content=\"Equipo del Din\u00e0mic Gimn\u00e0s Vic\" \/>\n<meta property=\"og:description\" content=\"Conoce al equipo de profesionales que te acompa\u00f1ar\u00e1n en tu camino de fitness.\" \/>\n<meta property=\"og:url\" content=\"https:\/\/dinamicgimnasvic.com\/es\/equipo\/\" \/>\n<meta property=\"og:site_name\" content=\"Din\u00e0mic Gimn\u00e0s Vic\" \/>\n<meta property=\"article:modified_time\" content=\"2025-05-29T10:53:46+00:00\" \/>\n<meta name=\"twitter:card\" content=\"summary_large_image\" \/>\n<meta name=\"twitter:label1\" content=\"Tiempo de lectura\" \/>\n\t<meta name=\"twitter:data1\" content=\"2 minutos\" \/>\n<script type=\"application\/ld+json\" class=\"yoast-schema-graph\">{\"@context\":\"https:\\\/\\\/schema.org\",\"@graph\":[{\"@type\":\"WebPage\",\"@id\":\"https:\\\/\\\/dinamicgimnasvic.com\\\/es\\\/equipo\\\/\",\"url\":\"https:\\\/\\\/dinamicgimnasvic.com\\\/es\\\/equipo\\\/\",\"name\":\"Equipo del Din\u00e0mic Gimn\u00e0s Vic\",\"isPartOf\":{\"@id\":\"https:\\\/\\\/dinamicgimnasvic.com\\\/#website\"},\"datePublished\":\"2024-06-14T10:09:15+00:00\",\"dateModified\":\"2025-05-29T10:53:46+00:00\",\"description\":\"Conoce al equipo de profesionales que te acompa\u00f1ar\u00e1n en tu camino de fitness.\",\"breadcrumb\":{\"@id\":\"https:\\\/\\\/dinamicgimnasvic.com\\\/es\\\/equipo\\\/#breadcrumb\"},\"inLanguage\":\"es\",\"potentialAction\":[{\"@type\":\"ReadAction\",\"target\":[\"https:\\\/\\\/dinamicgimnasvic.com\\\/es\\\/equipo\\\/\"]}]},{\"@type\":\"BreadcrumbList\",\"@id\":\"https:\\\/\\\/dinamicgimnasvic.com\\\/es\\\/equipo\\\/#breadcrumb\",\"itemListElement\":[{\"@type\":\"ListItem\",\"position\":1,\"name\":\"Inici\",\"item\":\"https:\\\/\\\/dinamicgimnasvic.com\\\/es\\\/inicio\\\/\"},{\"@type\":\"ListItem\",\"position\":2,\"name\":\"Equipo\"}]},{\"@type\":\"WebSite\",\"@id\":\"https:\\\/\\\/dinamicgimnasvic.com\\\/#website\",\"url\":\"https:\\\/\\\/dinamicgimnasvic.com\\\/\",\"name\":\"Din\u00e0mic Gimn\u00e0s Vic\",\"description\":\"\",\"potentialAction\":[{\"@type\":\"SearchAction\",\"target\":{\"@type\":\"EntryPoint\",\"urlTemplate\":\"https:\\\/\\\/dinamicgimnasvic.com\\\/?s={search_term_string}\"},\"query-input\":{\"@type\":\"PropertyValueSpecification\",\"valueRequired\":true,\"valueName\":\"search_term_string\"}}],\"inLanguage\":\"es\"}]}<\/script>\n<!-- \/ Yoast SEO plugin. -->","yoast_head_json":{"title":"Equipo del Din\u00e0mic Gimn\u00e0s Vic","description":"Conoce al equipo de profesionales que te acompa\u00f1ar\u00e1n en tu camino de fitness.","robots":{"index":"index","follow":"follow","max-snippet":"max-snippet:-1","max-image-preview":"max-image-preview:large","max-video-preview":"max-video-preview:-1"},"canonical":"https:\/\/dinamicgimnasvic.com\/es\/equipo\/","og_locale":"es_ES","og_type":"article","og_title":"Equipo del Din\u00e0mic Gimn\u00e0s Vic","og_description":"Conoce al equipo de profesionales que te acompa\u00f1ar\u00e1n en tu camino de fitness.","og_url":"https:\/\/dinamicgimnasvic.com\/es\/equipo\/","og_site_name":"Din\u00e0mic Gimn\u00e0s Vic","article_modified_time":"2025-05-29T10:53:46+00:00","twitter_card":"summary_large_image","twitter_misc":{"Tiempo de lectura":"2 minutos"},"schema":{"@context":"https:\/\/schema.org","@graph":[{"@type":"WebPage","@id":"https:\/\/dinamicgimnasvic.com\/es\/equipo\/","url":"https:\/\/dinamicgimnasvic.com\/es\/equipo\/","name":"Equipo del Din\u00e0mic Gimn\u00e0s Vic","isPartOf":{"@id":"https:\/\/dinamicgimnasvic.com\/#website"},"datePublished":"2024-06-14T10:09:15+00:00","dateModified":"2025-05-29T10:53:46+00:00","description":"Conoce al equipo de profesionales que te acompa\u00f1ar\u00e1n en tu camino de fitness.","breadcrumb":{"@id":"https:\/\/dinamicgimnasvic.com\/es\/equipo\/#breadcrumb"},"inLanguage":"es","potentialAction":[{"@type":"ReadAction","target":["https:\/\/dinamicgimnasvic.com\/es\/equipo\/"]}]},{"@type":"BreadcrumbList","@id":"https:\/\/dinamicgimnasvic.com\/es\/equipo\/#breadcrumb","itemListElement":[{"@type":"ListItem","position":1,"name":"Inici","item":"https:\/\/dinamicgimnasvic.com\/es\/inicio\/"},{"@type":"ListItem","position":2,"name":"Equipo"}]},{"@type":"WebSite","@id":"https:\/\/dinamicgimnasvic.com\/#website","url":"https:\/\/dinamicgimnasvic.com\/","name":"Din\u00e0mic Gimn\u00e0s Vic","description":"","potentialAction":[{"@type":"SearchAction","target":{"@type":"EntryPoint","urlTemplate":"https:\/\/dinamicgimnasvic.com\/?s={search_term_string}"},"query-input":{"@type":"PropertyValueSpecification","valueRequired":true,"valueName":"search_term_string"}}],"inLanguage":"es"}]}},"_links":{"self":[{"href":"https:\/\/dinamicgimnasvic.com\/es\/wp-json\/wp\/v2\/pages\/686","targetHints":{"allow":["GET"]}}],"collection":[{"href":"https:\/\/dinamicgimnasvic.com\/es\/wp-json\/wp\/v2\/pages"}],"about":[{"href":"https:\/\/dinamicgimnasvic.com\/es\/wp-json\/wp\/v2\/types\/page"}],"author":[{"embeddable":true,"href":"https:\/\/dinamicgimnasvic.com\/es\/wp-json\/wp\/v2\/users\/3"}],"replies":[{"embeddable":true,"href":"https:\/\/dinamicgimnasvic.com\/es\/wp-json\/wp\/v2\/comments?post=686"}],"version-history":[{"count":3,"href":"https:\/\/dinamicgimnasvic.com\/es\/wp-json\/wp\/v2\/pages\/686\/revisions"}],"predecessor-version":[{"id":883,"href":"https:\/\/dinamicgimnasvic.com\/es\/wp-json\/wp\/v2\/pages\/686\/revisions\/883"}],"wp:attachment":[{"href":"https:\/\/dinamicgimnasvic.com\/es\/wp-json\/wp\/v2\/media?parent=686"}],"curies":[{"name":"wp","href":"https:\/\/api.w.org\/{rel}","templated":true}]}}